{"id":123,"date":"2015-09-08T22:07:05","date_gmt":"2015-09-08T21:07:05","guid":{"rendered":"http:\/\/www.fierdemonexpertcomptable.com\/?page_id=123"},"modified":"2017-04-17T22:57:27","modified_gmt":"2017-04-17T21:57:27","slug":"profession-liberale","status":"publish","type":"page","link":"https:\/\/www.fierdemonexpertcomptable.com\/index.php\/profession-liberale\/","title":{"rendered":"profession lib\u00e9rale"},"content":{"rendered":"<p>[vc_row 0=\u00a0\u00bb\u00a0\u00bb][vc_column width=\u00a0\u00bb1\/4&Prime;][\/vc_column][vc_column width=\u00a0\u00bb1\/2&Prime;][vc_single_image image=\u00a0\u00bb126&Prime; img_size=\u00a0\u00bblarge\u00a0\u00bb alignment=\u00a0\u00bbcenter\u00a0\u00bb style=\u00a0\u00bbvc_box_border\u00a0\u00bb][\/vc_column][vc_column width=\u00a0\u00bb1\/4&Prime;][\/vc_column][\/vc_row][vc_row 0=\u00a0\u00bb\u00a0\u00bb][vc_column 0=\u00a0\u00bb\u00a0\u00bb][vc_column_text 0=\u00a0\u00bb\u00a0\u00bb]C&rsquo;est une particularit\u00e9 du cabinet : nous conseillons beaucoup de professions lib\u00e9rales.[\/vc_column_text]<\/p>\n<div class=\"sc-list sc-list-type-check\">\n<ul>\n<li>M\u00e9decins<\/li>\n<li>Infirmiers<\/li>\n<li>Kin\u00e9sith\u00e9rapeutes<\/li>\n<li>Chirurgiens dentistes<\/li>\n<li>Architectes<\/li>\n<li>Orthophonistes<\/li>\n<li>V\u00e9t\u00e9rinaires<\/li>\n<li>(&#8230;)<\/li>\n<\/ul>\n<\/div>\n<p>[\/vc_column][\/vc_row][vc_row 0=\u00a0\u00bb\u00a0\u00bb][vc_column 0=\u00a0\u00bb\u00a0\u00bb][vc_column_text 0=\u00a0\u00bb\u00a0\u00bb]&#8230;Nous avons donc une certaine habitude des sujets qui vous concernent tout particuli\u00e8rement :<\/p>\n<ul>\n<li>probl\u00e9matiques fiscales personnelles<\/li>\n<li>protection sociale (retraite suppl\u00e9mentaire, pr\u00e9voyance)<\/li>\n<li>PEE, PERCO<\/li>\n<li>Rachat de l&rsquo;immobilier professionnel<\/li>\n<li>(&#8230;)<\/li>\n<\/ul>\n<p>Probl\u00e9matiques d&rsquo;association :<\/p>\n<ul>\n<li>contrats de collaboration<\/li>\n<li>choix de structure d&rsquo;association<\/li>\n<li>cr\u00e9ations de SEL (Soci\u00e9t\u00e9s d&rsquo;Exercice Lib\u00e9ral)<\/li>\n<li>cr\u00e9ations de SCM (Soci\u00e9t\u00e9s Civiles de Moyens)<\/li>\n<li>cr\u00e9ations de SCP (Soci\u00e9t\u00e9s Civiles Professionnelles)<\/li>\n<li>(&#8230;)<\/li>\n<\/ul>\n<p>[\/vc_column_text][\/vc_column][\/vc_row]<\/p>\n","protected":false},"excerpt":{"rendered":"<p>[vc_row 0=\u00a0\u00bb\u00a0\u00bb][vc_column width=\u00a0\u00bb1\/4&Prime;][\/vc_column][vc_column width=\u00a0\u00bb1\/2&Prime;][vc_single_image image=\u00a0\u00bb126&Prime; img_size=\u00a0\u00bblarge\u00a0\u00bb alignment=\u00a0\u00bbcenter\u00a0\u00bb style=\u00a0\u00bbvc_box_border\u00a0\u00bb][\/vc_column][vc_column width=\u00a0\u00bb1\/4&Prime;][\/vc_column][\/vc_row][vc_row 0=\u00a0\u00bb\u00a0\u00bb][vc_column 0=\u00a0\u00bb\u00a0\u00bb][vc_column_text 0=\u00a0\u00bb\u00a0\u00bb]C&rsquo;est une particularit\u00e9 du cabinet : nous conseillons beaucoup&#8230;<\/p>\n","protected":false},"author":1,"featured_media":0,"parent":0,"menu_order":0,"comment_status":"closed","ping_status":"closed","template":"","meta":[],"_links":{"self":[{"href":"https:\/\/www.fierdemonexpertcomptable.com\/index.php\/wp-json\/wp\/v2\/pages\/123"}],"collection":[{"href":"https:\/\/www.fierdemonexpertcomptable.com\/index.php\/wp-json\/wp\/v2\/pages"}],"about":[{"href":"https:\/\/www.fierdemonexpertcomptable.com\/index.php\/wp-json\/wp\/v2\/types\/page"}],"author":[{"embeddable":true,"href":"https:\/\/www.fierdemonexpertcomptable.com\/index.php\/wp-json\/wp\/v2\/users\/1"}],"replies":[{"embeddable":true,"href":"https:\/\/www.fierdemonexpertcomptable.com\/index.php\/wp-json\/wp\/v2\/comments?post=123"}],"version-history":[{"count":4,"href":"https:\/\/www.fierdemonexpertcomptable.com\/index.php\/wp-json\/wp\/v2\/pages\/123\/revisions"}],"predecessor-version":[{"id":213,"href":"https:\/\/www.fierdemonexpertcomptable.com\/index.php\/wp-json\/wp\/v2\/pages\/123\/revisions\/213"}],"wp:attachment":[{"href":"https:\/\/www.fierdemonexpertcomptable.com\/index.php\/wp-json\/wp\/v2\/media?parent=123"}],"curies":[{"name":"wp","href":"https:\/\/api.w.org\/{rel}","templated":true}]}}