{"id":154,"date":"2015-09-26T15:59:04","date_gmt":"2015-09-26T14:59:04","guid":{"rendered":"http:\/\/www.fierdemonexpertcomptable.com\/?page_id=154"},"modified":"2017-04-17T23:19:17","modified_gmt":"2017-04-17T22:19:17","slug":"aristote","status":"publish","type":"page","link":"https:\/\/www.fierdemonexpertcomptable.com\/index.php\/aristote\/","title":{"rendered":"Notre philosophie"},"content":{"rendered":"<p>[vc_row 0=\u00a0\u00bb\u00a0\u00bb][vc_column width=\u00a0\u00bb1\/4&Prime;][\/vc_column][vc_column width=\u00a0\u00bb1\/2&Prime;][vc_single_image image=\u00a0\u00bb156&Prime; img_size=\u00a0\u00bblarge\u00a0\u00bb alignment=\u00a0\u00bbcenter\u00a0\u00bb style=\u00a0\u00bbvc_box_border\u00a0\u00bb border_color=\u00a0\u00bbblack\u00a0\u00bb][vc_column_text 0=\u00a0\u00bb\u00a0\u00bb]<\/p>\n<p style=\"text-align: center;\"><i>lorem ipsum, quia dolor sit, amet, consectetur, adipisci velit, sed quia non numquam eius modi tempora incidunt, ut labore et dolore magnam aliquam quaerat voluptatem.<\/i><\/p>\n<p>[\/vc_column_text][\/vc_column][vc_column width=\u00a0\u00bb1\/4&Prime;][\/vc_column][\/vc_row][vc_row 0=\u00a0\u00bb\u00a0\u00bb][vc_column 0=\u00a0\u00bb\u00a0\u00bb][vc_icon color=\u00a0\u00bbmulled_wine\u00a0\u00bb align=\u00a0\u00bbcenter\u00a0\u00bb][\/vc_column][\/vc_row][vc_row 0=\u00a0\u00bb\u00a0\u00bb][vc_column 0=\u00a0\u00bb\u00a0\u00bb][vc_column_text 0=\u00a0\u00bb\u00a0\u00bb]<\/p>\n<ul>\n<li><span style=\"color: #003366;\"><strong>Le cabinet\u00a0: \u00ab\u00a0small is beautiful\u00a0\u00bb.<\/strong><\/span><\/li>\n<\/ul>\n<p>Nous ne cherchons pas \u00e0 grandir \u00e0 tout prix. Nous voulons faire notre m\u00e9tier dans de bonnes conditions de qualit\u00e9 et rester proches de nos clients, pour bien comprendre leur activit\u00e9.<\/p>\n<p>&nbsp;<\/p>\n<ul>\n<li><span style=\"color: #003366;\"><strong>Notre m\u00e9tier\u00a0: La s\u00e9curit\u00e9.<\/strong><\/span><\/li>\n<\/ul>\n<p>Nous ne vendons pas des liasses fiscales ou des comptes annuels, ou des d\u00e9clarations de TVA. Fondamentalement, notre m\u00e9tier consiste \u00e0 s\u00e9curiser une activit\u00e9. En anticipant les \u00e9cueils, tr\u00e8s loin en amont. Nous sommes des vigies sur le m\u00e2t. Il est important que nos clients aient une visibilit\u00e9 sur ce qui va leur arriver.<\/p>\n<p>&nbsp;<\/p>\n<ul>\n<li><span style=\"color: #003366;\"><strong>Notre m\u00e9tier (bis)\u00a0: La voie efficace.<\/strong><\/span><\/li>\n<\/ul>\n<p>Optimisation\u00a0: Voil\u00e0 un mot fourre-tout. Marre de le voir servi \u00e0 toutes les sauces\u00a0! Pourtant, nous sommes persuad\u00e9s que \u00ab\u00a0choisir la voie efficace\u00a0\u00bb est une vraie philosophie. C\u2019est un principe d\u2019application g\u00e9n\u00e9rale, depuis les arts martiaux, en passant par la haute cuisine fran\u00e7aise\u2026 Jusqu\u2019\u00e0 l\u2019expertise comptable. Pour nos clients nous recherchons en permanence l\u2019adaptation vers la mani\u00e8re optimale de faire les choses. Ce n\u2019est pas seulement de l\u2019optimisation fiscale\u00a0; cela va bien plus loin.<\/p>\n<p>&nbsp;<\/p>\n<ul>\n<li><span style=\"color: #003366;\"><strong>La relation avec nos clients\u00a0: La confiance.<\/strong><\/span><\/li>\n<\/ul>\n<p>Nous attachons une importance extr\u00eame \u00e0 la confiance que nous accordent nos clients. Nous en sommes fiers et sommes tr\u00e8s stricts sur un certain nombre de valeurs qui sont li\u00e9es\u00a0: le secret professionnel, par exemple, mais aussi l\u2019ind\u00e9pendance\u00a0; ou encore l\u2019envie de suivre de pr\u00e8s des projets auxquels on adh\u00e8re.<\/p>\n<p>&nbsp;<\/p>\n<ul>\n<li><span style=\"color: #003366;\"><strong>L\u2019am\u00e9lioration progressive<\/strong><\/span><\/li>\n<\/ul>\n<p>C\u2019est une d\u00e9marche tr\u00e8s importante pour nous\u00a0: nous souhaitons am\u00e9liorer en permanence notre mani\u00e8re de faire notre m\u00e9tier. C\u2019est une am\u00e9lioration par petites touches successives. Tout comme la vie complexe s\u2019est d\u00e9velopp\u00e9e par am\u00e9lioration continue, nous sommes persuad\u00e9s que de petits changements permanents ont une efficacit\u00e9 incroyable. Cette d\u00e9marche est th\u00e9oris\u00e9e par les japonais, elle porte un nom\u00a0: le \u00ab\u00a0Kaizen\u00a0\u00bb\u2026 Mais nous ne l\u2019avons appris qu\u2019apr\u00e8s l\u2019avoir initi\u00e9e\u00a0!<\/p>\n<p>Je vais vous prendre un exemple, qui est purement math\u00e9matique, mais qui illustre bien notre d\u00e9marche : imaginons que nous nous am\u00e9liorions, disons, de 1% tous les jours pendant un an. C&rsquo;est un objectif qui demande un peu d&rsquo;effort, mais qui reste accessible. Eh, bien, le 31 d\u00e9cembre, math\u00e9matiquement, nous sommes plus de 37 fois meilleurs que le 1er janvier. C&rsquo;est \u00e7a, la force de l&rsquo;am\u00e9lioration continue. Evidemment, c&rsquo;est un exemple th\u00e9orique mais qui se justifie lorsqu&rsquo;on regarde le chemin que nous avons d\u00e9j\u00e0 parcouru.<\/p>\n<p><em>note : (1,01) puissance 365 = 37,78<\/em>[\/vc_column_text][\/vc_column][\/vc_row][vc_row 0=\u00a0\u00bb\u00a0\u00bb][vc_column width=\u00a0\u00bb1\/2&Prime;][\/vc_column][vc_column width=\u00a0\u00bb1\/2&Prime;][vc_column_text 0=\u00a0\u00bb\u00a0\u00bb]<span style=\"text-decoration: underline; color: #333333;\">Note :<\/span><\/p>\n<p><span style=\"color: #808080;\">La\u00a0phrase latine sous la photo n&rsquo;a pas de sens dans le contexte : c&rsquo;est un clin d&rsquo;oeil aux typographes qui utilisent ce texte depuis l&rsquo;invention de l&rsquo;imprimerie pour tester une mise en page, ainsi qu&rsquo;aux programmeurs qui utilisent cette citation\u00a0pour les m\u00eames motifs. Le texte d&rsquo;origine provient d&rsquo;un trait\u00e9 sur la th\u00e9orie de l&rsquo;\u00e9thique, de Cic\u00e9ron. \u00ab\u00a0P<i>ersonne ne craint ni ne fuit la volupt\u00e9 en tant que volupt\u00e9, mais en tant qu\u2019elle attire de grandes douleurs \u00e0 ceux qui ne savent pas en faire un usage mod\u00e9r\u00e9 et raisonnable\u00a0; et personne n\u2019aime ni ne recherche la douleur comme douleur, mais parce qu\u2019il arrive quelquefois que, par le travail et par la peine, on parvienne \u00e0 jouir d\u2019une grande volupt\u00e9.\u00a0\u00bb<\/i><\/span>[\/vc_column_text][\/vc_column][\/vc_row]<\/p>\n","protected":false},"excerpt":{"rendered":"<p>[vc_row 0=\u00a0\u00bb\u00a0\u00bb][vc_column width=\u00a0\u00bb1\/4&Prime;][\/vc_column][vc_column width=\u00a0\u00bb1\/2&Prime;][vc_single_image image=\u00a0\u00bb156&Prime; img_size=\u00a0\u00bblarge\u00a0\u00bb alignment=\u00a0\u00bbcenter\u00a0\u00bb style=\u00a0\u00bbvc_box_border\u00a0\u00bb border_color=\u00a0\u00bbblack\u00a0\u00bb][vc_column_text 0=\u00a0\u00bb\u00a0\u00bb] lorem ipsum, quia dolor sit, amet, consectetur, adipisci velit, sed&#8230;<\/p>\n","protected":false},"author":1,"featured_media":0,"parent":0,"menu_order":0,"comment_status":"closed","ping_status":"closed","template":"","meta":[],"_links":{"self":[{"href":"https:\/\/www.fierdemonexpertcomptable.com\/index.php\/wp-json\/wp\/v2\/pages\/154"}],"collection":[{"href":"https:\/\/www.fierdemonexpertcomptable.com\/index.php\/wp-json\/wp\/v2\/pages"}],"about":[{"href":"https:\/\/www.fierdemonexpertcomptable.com\/index.php\/wp-json\/wp\/v2\/types\/page"}],"author":[{"embeddable":true,"href":"https:\/\/www.fierdemonexpertcomptable.com\/index.php\/wp-json\/wp\/v2\/users\/1"}],"replies":[{"embeddable":true,"href":"https:\/\/www.fierdemonexpertcomptable.com\/index.php\/wp-json\/wp\/v2\/comments?post=154"}],"version-history":[{"count":7,"href":"https:\/\/www.fierdemonexpertcomptable.com\/index.php\/wp-json\/wp\/v2\/pages\/154\/revisions"}],"predecessor-version":[{"id":216,"href":"https:\/\/www.fierdemonexpertcomptable.com\/index.php\/wp-json\/wp\/v2\/pages\/154\/revisions\/216"}],"wp:attachment":[{"href":"https:\/\/www.fierdemonexpertcomptable.com\/index.php\/wp-json\/wp\/v2\/media?parent=154"}],"curies":[{"name":"wp","href":"https:\/\/api.w.org\/{rel}","templated":true}]}}