{"id":182,"date":"2015-09-30T22:53:11","date_gmt":"2015-09-30T21:53:11","guid":{"rendered":"http:\/\/www.fierdemonexpertcomptable.com\/?page_id=182"},"modified":"2015-10-03T20:58:16","modified_gmt":"2015-10-03T19:58:16","slug":"acquereur","status":"publish","type":"page","link":"https:\/\/www.fierdemonexpertcomptable.com\/index.php\/acquereur\/","title":{"rendered":"Acqu\u00e9reur d&rsquo;une activit\u00e9"},"content":{"rendered":"<p>[vc_row][vc_column][vc_custom_heading text=\u00a0\u00bbPfiou ! C&rsquo;est fou tout ce que SECD peut faire pour vous !\u00a0\u00bb font_container=\u00a0\u00bbtag:h6|text_align:left\u00a0\u00bb google_fonts=\u00a0\u00bbfont_family:Merriweather%20Sans%3A300%2C300italic%2Cregular%2Citalic%2C700%2C700italic%2C800%2C800italic|font_style:400%20regular%3A400%3Anormal\u00a0\u00bb][\/vc_column][\/vc_row][vc_row][vc_column width=\u00a0\u00bb1\/4&Prime;][\/vc_column][vc_column width=\u00a0\u00bb1\/2&Prime;]<\/p>\n<div class=\"sc-list\">\n<ul>\n<li><strong>Recherche de cibles<\/strong><\/li>\n<\/ul>\n<p><em>Parlez-nous de vos projets : Nous pouvons chercher des opportunit\u00e9s dans notre r\u00e9seau professionnel, dans les circuits classiques li\u00e9s \u00e0 la transmission d&rsquo;activit\u00e9, mais aussi par l&rsquo;interm\u00e9diaire de tous les cabinets du groupe PERFORMANCES.<\/em><\/p>\n<ul>\n<li><strong>\u00c9valuation du potentiel de la cible<\/strong><\/li>\n<\/ul>\n<p><em>&#8230;Par rapport \u00e0 votre projet. Trouver une activit\u00e9 \u00e0 vendre, c&rsquo;est bien. Trouver celle qui vous correspond, c&rsquo;est mieux.<\/em><\/p>\n<ul>\n<li><strong>Premiers contacts \u00ab\u00a0en \u00e9claireur\u00a0\u00bb<\/strong><\/li>\n<\/ul>\n<p><em>Le secret des affaires est crucial\u00a0dans les questions de transmissions d&rsquo;entreprises. Vous souhaitez acqu\u00e9rir une soci\u00e9t\u00e9, mais il peut arriver que vous soyez un concurrent, ou un partenaire existant de la soci\u00e9t\u00e9 cible. Nous pouvons prendre les premiers contacts,\u00a0conserver temporairement votre anonymat, afin de\u00a0pr\u00e9parer le terrain pour\u00a0un contact r\u00e9ellement\u00a0fructueux.<\/em><\/p>\n<ul>\n<li><strong>Audit d&rsquo;acquisition<\/strong><\/li>\n<\/ul>\n<p><em>L&rsquo;\u00e9tape cruciale d&rsquo;une acquisition, bien s\u00fbr. Pas d&rsquo;achat sans un audit s\u00e9rieux !\u00a0<\/em><\/p>\n<ul>\n<li><strong>Structuration du montage d&rsquo;acquisition<\/strong><\/li>\n<\/ul>\n<p><em>Etude du\u00a0montage financier, des possibilit\u00e9s de cr\u00e9dit-vendeur, de la minimisation des droits exigibles, des garanties li\u00e9es \u00e0 l&rsquo;achat, des possibilit\u00e9s d&rsquo;accompagnement par le c\u00e9dant&#8230;<\/em><\/p>\n<ul>\n<li><strong>Accompagnement \u00e0 la recherche de financements<\/strong><\/li>\n<\/ul>\n<p><em>Comme en cr\u00e9ation d&rsquo;activit\u00e9, le cabinet peut vous accompagner dans la recherche de financement.<\/em><\/p>\n<ul>\n<li><strong>Cr\u00e9ation de holdings d&rsquo;acquisition<\/strong><\/li>\n<\/ul>\n<p><em>La cr\u00e9ation de holdings d&rsquo;acquisition est souvent la solution incontournable. Au-del\u00e0 de la seule cr\u00e9ation, il faut envisager les questions fiscales et de gestion : activation du holding, probl\u00e9matique de la TVA, de la taxe sur les salaires, int\u00e9gration fiscale&#8230;<\/em><\/p>\n<ul>\n<li><strong>Probl\u00e9matiques fiscales personnelles<\/strong><\/li>\n<\/ul>\n<p><em>L&rsquo;achat d&rsquo;une nouvelle activit\u00e9, et la cr\u00e9ation de holdings, posent des questions finalement assez pointues en mati\u00e8re d&rsquo;ISF, de successions&#8230;\u00a0<\/em><\/p>\n<ul>\n<li><strong>Structuration du patrimoine<\/strong><\/li>\n<\/ul>\n<p><em>Il faut structurer ces nouveaux \u00e9l\u00e9ments, et se poser les bonnes questions en mati\u00e8re de successions, de transmission au conjoint ou aux enfants, d&rsquo;int\u00e9gration de ces derniers dans la nouvelle affaire.\u00a0L&rsquo;achat d&rsquo;une activit\u00e9 s&rsquo;accompagne souvent de l&rsquo;achat d&rsquo;immobilier, sur lequel il est aussi int\u00e9ressant de se pencher.<\/em><\/p>\n<ul>\n<li><strong>Accompagnement \u00e0 la r\u00e9organisation<\/strong><\/li>\n<\/ul>\n<\/div>\n<p>[\/vc_column][vc_column width=\u00a0\u00bb1\/4&Prime;][\/vc_column][\/vc_row]<\/p>\n","protected":false},"excerpt":{"rendered":"<p>[vc_row][vc_column][vc_custom_heading text=\u00a0\u00bbPfiou ! C&rsquo;est fou tout ce que SECD peut faire pour vous !\u00a0\u00bb font_container=\u00a0\u00bbtag:h6|text_align:left\u00a0\u00bb google_fonts=\u00a0\u00bbfont_family:Merriweather%20Sans%3A300%2C300italic%2Cregular%2Citalic%2C700%2C700italic%2C800%2C800italic|font_style:400%20regular%3A400%3Anormal\u00a0\u00bb][\/vc_column][\/vc_row][vc_row][vc_column width=\u00a0\u00bb1\/4&Prime;][\/vc_column][vc_column width=\u00a0\u00bb1\/2&Prime;][\/vc_column][vc_column width=\u00a0\u00bb1\/4&Prime;][\/vc_column][\/vc_row]<\/p>\n","protected":false},"author":1,"featured_media":0,"parent":0,"menu_order":0,"comment_status":"closed","ping_status":"closed","template":"","meta":[],"_links":{"self":[{"href":"https:\/\/www.fierdemonexpertcomptable.com\/index.php\/wp-json\/wp\/v2\/pages\/182"}],"collection":[{"href":"https:\/\/www.fierdemonexpertcomptable.com\/index.php\/wp-json\/wp\/v2\/pages"}],"about":[{"href":"https:\/\/www.fierdemonexpertcomptable.com\/index.php\/wp-json\/wp\/v2\/types\/page"}],"author":[{"embeddable":true,"href":"https:\/\/www.fierdemonexpertcomptable.com\/index.php\/wp-json\/wp\/v2\/users\/1"}],"replies":[{"embeddable":true,"href":"https:\/\/www.fierdemonexpertcomptable.com\/index.php\/wp-json\/wp\/v2\/comments?post=182"}],"version-history":[{"count":10,"href":"https:\/\/www.fierdemonexpertcomptable.com\/index.php\/wp-json\/wp\/v2\/pages\/182\/revisions"}],"predecessor-version":[{"id":212,"href":"https:\/\/www.fierdemonexpertcomptable.com\/index.php\/wp-json\/wp\/v2\/pages\/182\/revisions\/212"}],"wp:attachment":[{"href":"https:\/\/www.fierdemonexpertcomptable.com\/index.php\/wp-json\/wp\/v2\/media?parent=182"}],"curies":[{"name":"wp","href":"https:\/\/api.w.org\/{rel}","templated":true}]}}