{"id":20,"date":"2015-09-03T21:25:56","date_gmt":"2015-09-03T20:25:56","guid":{"rendered":"http:\/\/www.fierdemonexpertcomptable.com\/?page_id=20"},"modified":"2017-04-18T22:37:32","modified_gmt":"2017-04-18T21:37:32","slug":"un-createur","status":"publish","type":"page","link":"https:\/\/www.fierdemonexpertcomptable.com\/index.php\/un-createur\/","title":{"rendered":"Un cr\u00e9ateur"},"content":{"rendered":"<p>[vc_row 0=\u00a0\u00bb\u00a0\u00bb][vc_column width=\u00a0\u00bb1\/3&Prime;][vc_single_image image=\u00a0\u00bb77&Prime; img_size=\u00a0\u00bbmedium\u00a0\u00bb alignment=\u00a0\u00bbcenter\u00a0\u00bb style=\u00a0\u00bbvc_box_border\u00a0\u00bb border_color=\u00a0\u00bbblue\u00a0\u00bb][vc_column_text 0=\u00a0\u00bb\u00a0\u00bb]<\/p>\n<p style=\"text-align: center;\"><span style=\"color: #808080;\"><em>Prenez soin de votre projet.<\/em><\/span><\/p>\n<p>[\/vc_column_text][\/vc_column][vc_column width=\u00a0\u00bb1\/3&Prime;][vc_column_text 0=\u00a0\u00bb\u00a0\u00bb]<span style=\"color: #000080;\"><i>F\u00e9licitations : vous allez cr\u00e9er votre activit\u00e9. C&rsquo;est le moment de faire les bons choix. C&rsquo;est \u00e0 la cr\u00e9ation que se prennent les options les plus importantes ; celles qui font la diff\u00e9rence entre le succ\u00e8s et l&rsquo;\u00e9chec.<\/i><\/span>[\/vc_column_text][\/vc_column][vc_column width=\u00a0\u00bb1\/3&Prime;][vc_single_image image=\u00a0\u00bb80&Prime; img_size=\u00a0\u00bbmedium\u00a0\u00bb alignment=\u00a0\u00bbcenter\u00a0\u00bb style=\u00a0\u00bbvc_box_border\u00a0\u00bb border_color=\u00a0\u00bbchino\u00a0\u00bb][vc_column_text 0=\u00a0\u00bb\u00a0\u00bb]<\/p>\n<p style=\"text-align: center;\"><span style=\"color: #808080;\"><em>Ne restez pas seul : faites vous accompagner.<\/em><\/span><\/p>\n<p>[\/vc_column_text][\/vc_column][\/vc_row][vc_row 0=\u00a0\u00bb\u00a0\u00bb][vc_column 0=\u00a0\u00bb\u00a0\u00bb][vc_column_text 0=\u00a0\u00bb\u00a0\u00bb]La cr\u00e9ation d&rsquo;une activit\u00e9 est un processus en plusieurs \u00e9tapes. Chacune est comme une borne sur le chemin. Chaque \u00e9tape doit \u00eatre envisag\u00e9e avec\u00a0un soin particulier. De nos jours, le commerce est devenu difficile : il faut\u00a0se donner le maximum de chances d\u00e8s le d\u00e9part et ne rien louper.[\/vc_column_text]<\/p>\n<div class=\"sc-list sc-list-type-check\">\n<ul>\n<li>Premier rendez-vous<\/li>\n<li>Choix d&rsquo;une structure<\/li>\n<li>Pr\u00e9visionnel<\/li>\n<li>Recherche de financement<\/li>\n<li>Accompagnement<\/li>\n<\/ul>\n<\/div>\n<p>[vc_tta_tabs style=\u00a0\u00bbflat\u00a0\u00bb active_section=\u00a0\u00bb1&Prime;][vc_tta_section title=\u00a0\u00bbEtape 1&Prime; tab_id=\u00a0\u00bb1441489868989-ec0d30f8-1b81&Prime;][vc_custom_heading text=\u00a0\u00bbVenez nous voir : c&rsquo;est gratuit !\u00a0\u00bb font_container=\u00a0\u00bbtag:h6|text_align:left\u00a0\u00bb google_fonts=\u00a0\u00bbfont_family:Merriweather%20Sans%3A300%2C300italic%2Cregular%2Citalic%2C700%2C700italic%2C800%2C800italic|font_style:400%20regular%3A400%3Anormal\u00a0\u00bb][vc_column_text 0=\u00a0\u00bb\u00a0\u00bb]Expliquez-nous votre projet.<\/p>\n<p>Nous \u00e9tudierons ensemble :<\/p>\n<ul>\n<li>sa faisabilit\u00e9<\/li>\n<li>les moyens de l&rsquo;am\u00e9liorer<\/li>\n<li>comment le s\u00e9curiser<\/li>\n<li>comment le mettre en oeuvre<\/li>\n<\/ul>\n<p>[\/vc_column_text][\/vc_tta_section][vc_tta_section title=\u00a0\u00bbEtape 2&Prime; tab_id=\u00a0\u00bb1441489878854-3abf9ce6-5efd\u00a0\u00bb][vc_column_text 0=\u00a0\u00bb\u00a0\u00bb]Pour accueillir votre projet, il faut trouver la forme juridique la plus adapt\u00e9e.<\/p>\n<p>Les cr\u00e9ateurs ont\u00a0un probl\u00e8me : lorsqu&rsquo;ils demandent conseil autour d&rsquo;eux, ils ont autant d&rsquo;avis diff\u00e9rents. Ils n&rsquo;ont pas v\u00e9ritablement la visibilit\u00e9\u00a0pour faire un choix \u00e9clair\u00e9. Chez SECD, nous nous attachons \u00e0 donner les cl\u00e9s pour choisir en toute connaissance de cause.<\/p>\n<p>Au-del\u00e0 du seul choix de la structure, il y a de multiples solutions\u00a0pour optimiser votre montage (statut du conjoint, am\u00e9nagements\u00a0statutaires, int\u00e9gration des enfants, subtilit\u00e9s fiscales, adaptations\u00a0juridiques, pr\u00e9servation des statuts existants, anticipation des\u00a0d\u00e9veloppements de court terme&#8230;)<\/p>\n<p>Il n&rsquo;y a pas de r\u00e9ponse toute faite : Chaque cas est unique.<\/p>\n<p>C&rsquo;est ce qui rend notre m\u00e9tier dr\u00f4lement int\u00e9ressant.[\/vc_column_text][\/vc_tta_section][vc_tta_section title=\u00a0\u00bbEtape 3&Prime; tab_id=\u00a0\u00bb1441489869117-35ce7d56-6dc1&Prime;][vc_column_text 0=\u00a0\u00bb\u00a0\u00bb]SECD vous aidera dans la r\u00e9alisation d&rsquo;un pr\u00e9visionnel.<\/p>\n<p>Vous devez anticiper au moment o\u00f9 vous avez le moins d&rsquo;information sur votre activit\u00e9. Venez nous consulter : nous avons une certaine habitude de ce genre d&rsquo;exercice ; nous verrons vite si vous oubliez un \u00e9l\u00e9ment important.<\/p>\n<p>La r\u00e9alit\u00e9 sera toujours diff\u00e9rente de ce que vous imaginiez et s&rsquo;\u00e9cartera un peu de votre pr\u00e9visionnel. Cependant, il faut faire ce travail avec s\u00e9rieux. Si votre projet comporte une faille, si vous avez oubli\u00e9 un \u00e9l\u00e9ment, si \u00ab\u00a0quelque chose, quelque part\u00a0\u00bb ne fonctionne pas, c&rsquo;est le moment de le voir. Par ailleurs, ce travail vous montre quels sont les enjeux : quel est le chiffre d&rsquo;affaires \u00e0 r\u00e9aliser pour v\u00e9ritablement couvrir vos frais ? puis pour vivre de votre projet ? Comment am\u00e9liorer encore votre mani\u00e8re de mener votre activit\u00e9.<\/p>\n<p>Nous ne facturons pas cette prestation, car \u00e0 cette \u00e9tape, le cr\u00e9ateur n&rsquo;est pas encore s\u00fbr que son projet aboutira.[\/vc_column_text][\/vc_tta_section][vc_tta_section title=\u00a0\u00bbEtape 4&Prime; tab_id=\u00a0\u00bb1441489874203-70713736-9c23&Prime;][vc_icon icon_fontawesome=\u00a0\u00bbfa fa-money\u00a0\u00bb color=\u00a0\u00bbgreen\u00a0\u00bb background_style=\u00a0\u00bbrounded\u00a0\u00bb background_color=\u00a0\u00bbwhite\u00a0\u00bb align=\u00a0\u00bbcenter\u00a0\u00bb][vc_custom_heading text=\u00a0\u00bbLa recherche de financement\u00a0\u00bb font_container=\u00a0\u00bbtag:h6|text_align:left\u00a0\u00bb google_fonts=\u00a0\u00bbfont_family:Merriweather%20Sans%3A300%2C300italic%2Cregular%2Citalic%2C700%2C700italic%2C800%2C800italic|font_style:400%20regular%3A400%3Anormal\u00a0\u00bb][vc_column_text 0=\u00a0\u00bb\u00a0\u00bb]C&rsquo;est encore une \u00e9tape fondamentale : parce que sans financement, rien ne se fera.<\/p>\n<p>SECD a l&rsquo;habitude d&rsquo;accompagner ses clients dans la d\u00e9marche. Nous travaillons en \u00e9troite collaboration avec les organismes d&rsquo;aides \u00e0 la cr\u00e9ation, de m\u00eame qu&rsquo;avec les partenaires bancaires ou les organismes de garantie financi\u00e8re.<\/p>\n<p>Si le projet a \u00e9t\u00e9 bien pens\u00e9 et bien construit, le soutien d&rsquo;un cabinet reconnu localement aide \u00e0 boucler un financement dans de bonnes conditions.[\/vc_column_text][\/vc_tta_section][vc_tta_section title=\u00a0\u00bbEtape 5&Prime; tab_id=\u00a0\u00bb1443274611818-479dec79-c5b1&Prime;][vc_column_text 0=\u00a0\u00bb\u00a0\u00bb]\u00c7a y est, le projet prend vie&#8230;<\/p>\n<p>C&rsquo;est le dernier moment important de la cr\u00e9ation : celui o\u00f9 l&rsquo;on se fait conna\u00eetre, celui o\u00f9 l&rsquo;on doit prendre rapidement les bonnes habitudes,\u00a0trouver le rythme ; celui o\u00f9 l&rsquo;on est sollicit\u00e9 par de multiples organismes ; celui o\u00f9 l&rsquo;on re\u00e7oit \u00e9galement de v\u00e9ritables arnaques&#8230;<\/p>\n<p>Apr\u00e8s le d\u00e9marrage, le projet se confronte \u00e0 la r\u00e9alit\u00e9. L&rsquo;\u00e9cart par rapport aux pr\u00e9visions doit faire l&rsquo;objet d&rsquo;ajustements de derni\u00e8res minutes dans la mani\u00e8re de travailler, et d&rsquo;un accompagnement sp\u00e9cifique par votre expert-comptable.[\/vc_column_text][vc_icon icon_fontawesome=\u00a0\u00bbfa fa-rocket\u00a0\u00bb background_style=\u00a0\u00bbrounded\u00a0\u00bb background_color=\u00a0\u00bbwhite\u00a0\u00bb size=\u00a0\u00bblg\u00a0\u00bb align=\u00a0\u00bbcenter\u00a0\u00bb][\/vc_tta_section][\/vc_tta_tabs][\/vc_column][\/vc_row][vc_row 0=\u00a0\u00bb\u00a0\u00bb][vc_column 0=\u00a0\u00bb\u00a0\u00bb][\/vc_column][\/vc_row]<\/p>\n","protected":false},"excerpt":{"rendered":"<p>[vc_row 0=\u00a0\u00bb\u00a0\u00bb][vc_column width=\u00a0\u00bb1\/3&Prime;][vc_single_image image=\u00a0\u00bb77&Prime; img_size=\u00a0\u00bbmedium\u00a0\u00bb alignment=\u00a0\u00bbcenter\u00a0\u00bb style=\u00a0\u00bbvc_box_border\u00a0\u00bb border_color=\u00a0\u00bbblue\u00a0\u00bb][vc_column_text 0=\u00a0\u00bb\u00a0\u00bb] Prenez soin de votre projet. [\/vc_column_text][\/vc_column][vc_column width=\u00a0\u00bb1\/3&Prime;][vc_column_text 0=\u00a0\u00bb\u00a0\u00bb]F\u00e9licitations : vous allez&#8230;<\/p>\n","protected":false},"author":1,"featured_media":0,"parent":0,"menu_order":0,"comment_status":"closed","ping_status":"closed","template":"","meta":[],"_links":{"self":[{"href":"https:\/\/www.fierdemonexpertcomptable.com\/index.php\/wp-json\/wp\/v2\/pages\/20"}],"collection":[{"href":"https:\/\/www.fierdemonexpertcomptable.com\/index.php\/wp-json\/wp\/v2\/pages"}],"about":[{"href":"https:\/\/www.fierdemonexpertcomptable.com\/index.php\/wp-json\/wp\/v2\/types\/page"}],"author":[{"embeddable":true,"href":"https:\/\/www.fierdemonexpertcomptable.com\/index.php\/wp-json\/wp\/v2\/users\/1"}],"replies":[{"embeddable":true,"href":"https:\/\/www.fierdemonexpertcomptable.com\/index.php\/wp-json\/wp\/v2\/comments?post=20"}],"version-history":[{"count":43,"href":"https:\/\/www.fierdemonexpertcomptable.com\/index.php\/wp-json\/wp\/v2\/pages\/20\/revisions"}],"predecessor-version":[{"id":217,"href":"https:\/\/www.fierdemonexpertcomptable.com\/index.php\/wp-json\/wp\/v2\/pages\/20\/revisions\/217"}],"wp:attachment":[{"href":"https:\/\/www.fierdemonexpertcomptable.com\/index.php\/wp-json\/wp\/v2\/media?parent=20"}],"curies":[{"name":"wp","href":"https:\/\/api.w.org\/{rel}","templated":true}]}}