{"id":4,"date":"2015-08-31T22:14:50","date_gmt":"2015-08-31T21:14:50","guid":{"rendered":"http:\/\/www.fierdemonexpertcomptable.com\/wordpress\/?page_id=4"},"modified":"2017-04-18T22:33:40","modified_gmt":"2017-04-18T21:33:40","slug":"ma-nouvelle-page","status":"publish","type":"page","link":"https:\/\/www.fierdemonexpertcomptable.com\/","title":{"rendered":"SECD"},"content":{"rendered":"<p>[vc_row][vc_column width=\u00a0\u00bb1\/3&Prime;][vc_column_text]SECD est un cabinet d&rsquo;expertise comptable.<\/p>\n<p>Nous conseillons les cr\u00e9ateurs, les entrepreneurs, les professions lib\u00e9rales tous ceux qui, d&rsquo;une mani\u00e8re g\u00e9n\u00e9rale, ont des pr\u00e9occupations\u00a0de gestion,\u00a0fiscales, sociales, comptables ou juridiques.<\/p>\n<p>Dit comme \u00e7a, cela para\u00eet un peu formel. Mais on aime vraiment ce que l&rsquo;on fait. Parcourez ce site internet et d\u00e9couvrez notre philosophie. Bienvenue chez nous.[\/vc_column_text][vc_icon icon_fontawesome=\u00a0\u00bbfa fa-sitemap\u00a0\u00bb align=\u00a0\u00bbcenter\u00a0\u00bb][vc_column_text]Le cabinet est ind\u00e9pendant.\u00a0Il est adh\u00e9rent du groupe \u00ab\u00a0Performances\u00a0\u00bb, qui regroupe une petite quinzaine de cabinets sur le plan r\u00e9gional. Si n\u00e9cessaire, cela peut lui donner une force de frappe importante. Mais il est fier de son autonomie.[\/vc_column_text][\/vc_column][vc_column width=\u00a0\u00bb1\/3&Prime;][vc_single_image image=\u00a0\u00bb89&Prime; img_size=\u00a0\u00bbmedium\u00a0\u00bb alignment=\u00a0\u00bbcenter\u00a0\u00bb][vc_column_text]<\/p>\n<p style=\"text-align: center;\"><em><span style=\"color: #000080;\">Faites votre m\u00e9tier&#8230;<\/span><\/em><\/p>\n<p>[\/vc_column_text][vc_single_image image=\u00a0\u00bb87&Prime; img_size=\u00a0\u00bbmedium\u00a0\u00bb alignment=\u00a0\u00bbcenter\u00a0\u00bb][vc_column_text]<\/p>\n<p style=\"text-align: center;\"><em><span style=\"color: #000080;\">&#8230;Et d\u00e9tendez-vous : on s&rsquo;occupe du\u00a0reste.<\/span><\/em><\/p>\n<p>[\/vc_column_text][\/vc_column][vc_column width=\u00a0\u00bb1\/3&Prime;][vc_icon type=\u00a0\u00bbopeniconic\u00a0\u00bb icon_openiconic=\u00a0\u00bbvc-oi vc-oi-location\u00a0\u00bb size=\u00a0\u00bblg\u00a0\u00bb align=\u00a0\u00bbcenter\u00a0\u00bb][vc_column_text]Le cabinet est situ\u00e9 \u00e0 Dunkerque, dans le Nord de la France. Mais nos clients se trouvent partout en France.<\/p>\n<p>Notre adresse exacte ?<\/p>\n<p>3, rue Louis LEMAIRE, 59140 DUNKERQUE.<\/p>\n<p>(Si vous \u00eates Dunkerquois, vous connaissez : nous sommes dans la tour du Reuze).[\/vc_column_text][vc_icon icon_fontawesome=\u00a0\u00bbfa fa-users\u00a0\u00bb size=\u00a0\u00bblg\u00a0\u00bb align=\u00a0\u00bbcenter\u00a0\u00bb][vc_column_text]Au moment\u00a0o\u00f9 nous \u00e9crivons ces lignes, nous sommes 19 au cabinet. C&rsquo;est une taille id\u00e9ale : suffisamment grand pour pouvoir intervenir chez tous types de client\u00e8le ; suffisamment petit pour\u00a0garder notre r\u00e9activit\u00e9 de PME.[\/vc_column_text][\/vc_column][\/vc_row][vc_row][vc_column][vc_text_separator title=\u00a0\u00bbDiff\u00e9rentes sections pour nous d\u00e9couvrir.\u00a0\u00bb color=\u00a0\u00bbblue\u00a0\u00bb style=\u00a0\u00bbdotted\u00a0\u00bb border_width=\u00a0\u00bb3&Prime; el_width=\u00a0\u00bb80&Prime;][\/vc_column][\/vc_row][vc_row][vc_column][vc_custom_heading text=\u00a0\u00bbVous-\u00eates&#8230;\u00a0\u00bb font_container=\u00a0\u00bbtag:h6|text_align:left\u00a0\u00bb google_fonts=\u00a0\u00bbfont_family:Merriweather%20Sans%3A300%2C300italic%2Cregular%2Citalic%2C700%2C700italic%2C800%2C800italic|font_style:400%20regular%3A400%3Anormal\u00a0\u00bb][vc_row_inner][vc_column_inner width=\u00a0\u00bb1\/4&Prime;][vc_icon icon_fontawesome=\u00a0\u00bbfa fa-hand-o-right\u00a0\u00bb size=\u00a0\u00bbsm\u00a0\u00bb align=\u00a0\u00bbright\u00a0\u00bb css_animation=\u00a0\u00bbleft-to-right\u00a0\u00bb][vc_column_text css_animation=\u00a0\u00bbleft-to-right\u00a0\u00bb]<\/p>\n<p style=\"text-align: right;\"><span style=\"color: #3366ff;\"><em>(cliquez)<\/em><\/span><\/p>\n<p>[\/vc_column_text][\/vc_column_inner][vc_column_inner width=\u00a0\u00bb3\/4&Prime;][vc_column_text]<a href=\"https:\/\/www.fierdemonexpertcomptable.com\/index.php\/un-createur\">&#8230;Un cr\u00e9ateur<\/a>[\/vc_column_text][vc_column_text]<a href=\"https:\/\/www.fierdemonexpertcomptable.com\/index.php\/existant\">&#8230;une entreprise ou une soci\u00e9t\u00e9 d\u00e9j\u00e0 existante<\/a>[\/vc_column_text][vc_column_text]<a href=\"https:\/\/www.fierdemonexpertcomptable.com\/index.php\/profession-liberale\/\">&#8230;Une profession lib\u00e9rale<\/a>[\/vc_column_text][vc_column_text]<a href=\"https:\/\/www.fierdemonexpertcomptable.com\/index.php\/loin\/\">&#8230;loin ?<\/a>[\/vc_column_text][vc_column_text]<a href=\"https:\/\/www.fierdemonexpertcomptable.com\/index.php\/acquereur\/\">&#8230;\u00e0 la recherche d&rsquo;une activit\u00e9 \u00e0 reprendre ?<\/a>[\/vc_column_text][\/vc_column_inner][\/vc_row_inner][\/vc_column][\/vc_row][vc_row][vc_column][vc_custom_heading text=\u00a0\u00bbEntretien avec le dirigeant\u00a0\u00bb font_container=\u00a0\u00bbtag:h6|text_align:left\u00a0\u00bb google_fonts=\u00a0\u00bbfont_family:Merriweather%20Sans%3A300%2C300italic%2Cregular%2Citalic%2C700%2C700italic%2C800%2C800italic|font_style:400%20regular%3A400%3Anormal\u00a0\u00bb][vc_row_inner][vc_column_inner width=\u00a0\u00bb1\/4&Prime;][\/vc_column_inner][vc_column_inner width=\u00a0\u00bb3\/4&Prime;][vc_column_text]<a href=\"https:\/\/www.fierdemonexpertcomptable.com\/index.php\/les-questions-qui-piquent\/\">Les questions qui piquent<\/a>[\/vc_column_text][\/vc_column_inner][\/vc_row_inner][\/vc_column][\/vc_row][vc_row][vc_column][vc_custom_heading text=\u00a0\u00bbNotre philosophie\u00a0\u00bb font_container=\u00a0\u00bbtag:h6|text_align:left\u00a0\u00bb google_fonts=\u00a0\u00bbfont_family:Merriweather%20Sans%3A300%2C300italic%2Cregular%2Citalic%2C700%2C700italic%2C800%2C800italic|font_style:400%20regular%3A400%3Anormal\u00a0\u00bb][vc_row_inner][vc_column_inner width=\u00a0\u00bb1\/4&Prime;][\/vc_column_inner][vc_column_inner width=\u00a0\u00bb3\/4&Prime;][vc_column_text]<a href=\"https:\/\/www.fierdemonexpertcomptable.com\/index.php\/aristote\/\">Notre mani\u00e8re de voir l&rsquo;expertise comptable.<\/a>[\/vc_column_text][\/vc_column_inner][\/vc_row_inner][\/vc_column][\/vc_row][vc_row][vc_column][vc_empty_space][\/vc_column][\/vc_row][vc_row][vc_column][vc_separator color=\u00a0\u00bbblue\u00a0\u00bb][\/vc_column][\/vc_row][vc_row][vc_column width=\u00a0\u00bb1\/3&Prime;][\/vc_column][vc_column width=\u00a0\u00bb1\/3&Prime;][vc_single_image image=\u00a0\u00bb198&Prime; img_size=\u00a0\u00bblarge\u00a0\u00bb alignment=\u00a0\u00bbcenter\u00a0\u00bb][vc_column_text]<\/p>\n<p style=\"text-align: center;\"><em><span style=\"color: #808080;\">La Mairie de Dunkerque<\/span><\/em><\/p>\n<p style=\"text-align: center;\"><em><span style=\"color: #808080;\">face \u00e0 nos bureaux.<\/span><\/em><\/p>\n<p>[\/vc_column_text][\/vc_column][vc_column width=\u00a0\u00bb1\/3&Prime;][\/vc_column][vc_column][vc_empty_space][vc_row_inner][vc_column_inner][\/vc_column_inner][\/vc_row_inner][vc_row_inner][vc_column_inner][vc_text_separator title=\u00a0\u00bbNous contacter\u00a0\u00bb color=\u00a0\u00bbblue\u00a0\u00bb][\/vc_column_inner][\/vc_row_inner][vc_row_inner][vc_column_inner][vc_column_text]<\/p>\n<h6 style=\"text-align: center;\">Soyons simple : t\u00e9l\u00e9phonez-nous !<\/h6>\n<p>[\/vc_column_text][\/vc_column_inner][\/vc_row_inner][vc_column_text]<\/p>\n<h4 style=\"text-align: center;\">03 28 63 34 12<\/h4>\n<p>[\/vc_column_text][\/vc_column][\/vc_row][vc_row 0=\u00a0\u00bb\u00a0\u00bb][vc_column 0=\u00a0\u00bb\u00a0\u00bb][vc_column_text 0=\u00a0\u00bb\u00a0\u00bb]<\/p>\n<p style=\"text-align: center;\">Vous pouvez nous \u00e9crire :<\/p>\n<p style=\"text-align: center;\">Cabinet SECD, 3, rue Louis LEMAIRE, 59140 DUNKERQUE<\/p>\n<p>[\/vc_column_text][\/vc_column][\/vc_row]<\/p>\n","protected":false},"excerpt":{"rendered":"<p>[vc_row][vc_column width=\u00a0\u00bb1\/3&Prime;][vc_column_text]SECD est un cabinet d&rsquo;expertise comptable. Nous conseillons les cr\u00e9ateurs, les entrepreneurs, les professions lib\u00e9rales tous ceux qui, d&rsquo;une&#8230;<\/p>\n","protected":false},"author":1,"featured_media":0,"parent":0,"menu_order":0,"comment_status":"closed","ping_status":"closed","template":"","meta":[],"_links":{"self":[{"href":"https:\/\/www.fierdemonexpertcomptable.com\/index.php\/wp-json\/wp\/v2\/pages\/4"}],"collection":[{"href":"https:\/\/www.fierdemonexpertcomptable.com\/index.php\/wp-json\/wp\/v2\/pages"}],"about":[{"href":"https:\/\/www.fierdemonexpertcomptable.com\/index.php\/wp-json\/wp\/v2\/types\/page"}],"author":[{"embeddable":true,"href":"https:\/\/www.fierdemonexpertcomptable.com\/index.php\/wp-json\/wp\/v2\/users\/1"}],"replies":[{"embeddable":true,"href":"https:\/\/www.fierdemonexpertcomptable.com\/index.php\/wp-json\/wp\/v2\/comments?post=4"}],"version-history":[{"count":60,"href":"https:\/\/www.fierdemonexpertcomptable.com\/index.php\/wp-json\/wp\/v2\/pages\/4\/revisions"}],"predecessor-version":[{"id":223,"href":"https:\/\/www.fierdemonexpertcomptable.com\/index.php\/wp-json\/wp\/v2\/pages\/4\/revisions\/223"}],"wp:attachment":[{"href":"https:\/\/www.fierdemonexpertcomptable.com\/index.php\/wp-json\/wp\/v2\/media?parent=4"}],"curies":[{"name":"wp","href":"https:\/\/api.w.org\/{rel}","templated":true}]}}